{"id":10831,"date":"2021-06-22T10:31:20","date_gmt":"2021-06-22T08:31:20","guid":{"rendered":"https:\/\/www.adecose.com\/adecose-y-generali-pactan-un-nuevo-modelo-de-carta-de-condiciones\/"},"modified":"2021-06-22T10:38:40","modified_gmt":"2021-06-22T08:38:40","slug":"adecose-y-generali-pactan-un-nuevo-modelo-de-carta-de-condiciones","status":"publish","type":"page","link":"https:\/\/www.adecose.com\/gl\/adecose-y-generali-pactan-un-nuevo-modelo-de-carta-de-condiciones\/","title":{"rendered":"ADECOSE y GENERALI pactan un nuevo modelo de Carta de Condiciones"},"content":{"rendered":"[vc_row type=&#8221;in_container&#8221; full_screen_row_position=&#8221;middle&#8221; column_margin=&#8221;default&#8221; column_direction=&#8221;default&#8221; column_direction_tablet=&#8221;default&#8221; column_direction_phone=&#8221;default&#8221; scene_position=&#8221;center&#8221; text_color=&#8221;dark&#8221; text_align=&#8221;left&#8221; row_border_radius=&#8221;none&#8221; row_border_radius_applies=&#8221;bg&#8221; overlay_strength=&#8221;0.3&#8243; gradient_direction=&#8221;left_to_right&#8221; shape_divider_position=&#8221;bottom&#8221; bg_image_animation=&#8221;none&#8221;][vc_column column_padding=&#8221;no-extra-padding&#8221; column_padding_tablet=&#8221;inherit&#8221; column_padding_phone=&#8221;inherit&#8221; column_padding_position=&#8221;all&#8221; background_color_opacity=&#8221;1&#8243; background_hover_color_opacity=&#8221;1&#8243; column_shadow=&#8221;none&#8221; column_border_radius=&#8221;none&#8221; column_link_target=&#8221;_self&#8221; gradient_direction=&#8221;left_to_right&#8221; overlay_strength=&#8221;0.3&#8243; width=&#8221;1\/1&#8243; tablet_width_inherit=&#8221;default&#8221; tablet_text_alignment=&#8221;default&#8221; phone_text_alignment=&#8221;default&#8221; column_border_width=&#8221;none&#8221; column_border_style=&#8221;solid&#8221; bg_image_animation=&#8221;none&#8221;][vc_column_text]\n<ul>\n<li><em>ADECOSE ha adaptado su modelo de carta de condiciones a la nueva normativa de distribuci\u00f3n de seguros.<\/em><\/li>\n<li><em>La Asociaci\u00f3n se encuentra en fase avanzada de negociaci\u00f3n de estos acuerdos con el resto de las aseguradoras.<\/em><\/li>\n<\/ul>\n<p>&nbsp;<\/p>\n<p><strong><em>\u00a0<\/em><\/strong>ADECOSE y GENERALI han consensuado un <strong>nuevo modelo de carta de condiciones<\/strong>, que sirve como marco de contrato de colaboraci\u00f3n entre las corredur\u00edas asociadas y la compa\u00f1\u00eda y cuyo objeto es aportar seguridad jur\u00eddica a la relaci\u00f3n comercial.\u00a0 La novedad en esta nueva carta de condiciones es la adaptaci\u00f3n a la nueva legislaci\u00f3n de distribuci\u00f3n en \u00e1mbitos como la protecci\u00f3n de datos.<\/p>\n<p>A trav\u00e9s de un grupo de trabajo jur\u00eddico compuesto por expertos de sus corredur\u00edas asociadas, <strong>ADECOSE est\u00e1 adaptando estos acuerdos a la nueva normativa de distribuci\u00f3n de seguros<\/strong>, que tambi\u00e9n recogen los principales hitos del antiguo modelo e incorporan novedades importantes que se han analizado desde que se consensu\u00f3 el primer acuerdo en 2008.<\/p>\n<p>Estos contratos son negociados por ADECOSE con aseguradoras que <strong>representan el 90% de las primas intermediadas por sus socios<\/strong>, con el fin de establecer una relaci\u00f3n entre compa\u00f1\u00edas y corredores en un mercado cada vez m\u00e1s competitivo. De esta forma, las corredur\u00edas de ADECOSE, que voluntariamente suscriban este acuerdo de colaboraci\u00f3n con GENERALI, podr\u00e1n desarrollar su actividad empresarial en un entorno de absoluta confianza y de seguridad jur\u00eddica.<\/p>\n<p>ADECOSE ya se encuentra en fase avanzada en la negociaci\u00f3n de estos documentos con las compa\u00f1\u00edas que suscribieron el modelo anterior. Sobre este proceso se est\u00e1 informando a los socios puntualmente para que puedan firmarlo si lo consideran oportuno. Hasta que este proceso avance, los actuales modelos de cartas de condiciones seguir\u00e1n teniendo validez, de acuerdo con la disposici\u00f3n transitoria quinta del Real Decreto-Ley 3\/2020 de 4 de febrero.<\/p>\n<p><strong>Mart\u00edn Navaz, presidente de ADECOSE<\/strong>, recalca la importancia de esta \u201c<em>iniciativa pionera en el \u00e1mbito del servicio a los socios en un entorno jur\u00eddico cada d\u00eda m\u00e1s complejo, que ya se ha convertido en un est\u00e1ndar de mercado<\/em>\u201d. Asimismo, agradece al grupo de expertos tanto de la Asociaci\u00f3n como de GENERALI que ha participado en la elaboraci\u00f3n de estas cartas por \u201c<em>su esfuerzo y buen criterio en estos temas tan importantes para nuestro colectivo<\/em>\u201d.<\/p>\n<p><strong>Jorge Garc\u00eda, Chief Sales and Distribution Officer de GENERALI Espa\u00f1a<\/strong>, destaca que <em>\u201c<\/em><em>actualizar nuestro modelo de Carta de Condiciones con ADECOSE para adaptarnos a la nueva normativa ha sido para nosotros una prioridad dado que ADECOSE y sus miembros representan un claro ejemplo de la apuesta de GENERALI por la mediaci\u00f3n profesional. Estamos seguros de que este nuevo marco favorecer\u00e1 un \u00f3ptimo desarrollo de nuestras relaciones a largo plazo\u201d<\/em>.<\/p>\n[\/vc_column_text][\/vc_column][\/vc_row][vc_row type=&#8221;in_container&#8221; full_screen_row_position=&#8221;middle&#8221; column_margin=&#8221;default&#8221; column_direction=&#8221;default&#8221; column_direction_tablet=&#8221;default&#8221; column_direction_phone=&#8221;default&#8221; scene_position=&#8221;center&#8221; text_color=&#8221;dark&#8221; text_align=&#8221;left&#8221; row_border_radius=&#8221;none&#8221; row_border_radius_applies=&#8221;bg&#8221; overlay_strength=&#8221;0.3&#8243; gradient_direction=&#8221;left_to_right&#8221; shape_divider_position=&#8221;bottom&#8221; bg_image_animation=&#8221;none&#8221;][vc_column column_padding=&#8221;no-extra-padding&#8221; column_padding_tablet=&#8221;inherit&#8221; column_padding_phone=&#8221;inherit&#8221; column_padding_position=&#8221;all&#8221; background_color_opacity=&#8221;1&#8243; background_hover_color_opacity=&#8221;1&#8243; column_shadow=&#8221;none&#8221; column_border_radius=&#8221;none&#8221; column_link_target=&#8221;_self&#8221; gradient_direction=&#8221;left_to_right&#8221; overlay_strength=&#8221;0.3&#8243; width=&#8221;1\/1&#8243; tablet_width_inherit=&#8221;default&#8221; tablet_text_alignment=&#8221;default&#8221; phone_text_alignment=&#8221;default&#8221; column_border_width=&#8221;none&#8221; column_border_style=&#8221;solid&#8221; bg_image_animation=&#8221;none&#8221;][testimonial_slider style=&#8221;default&#8221; star_rating_color=&#8221;accent-color&#8221;][testimonial star_rating=&#8221;none&#8221; title=&#8221;Testimonial&#8221; id=&#8221;1624350763286-7&#8243; tab_id=&#8221;1624350763287-5&#8243; name=&#8221;Mart\u00edn Navaz&#8221; subtitle=&#8221;Presidente de ADECOSE&#8221; quote=&#8221;&#8220;Esta iniciativa es pionera en el \u00e1mbito del servicio a los socios en un entorno jur\u00eddico cada d\u00eda m\u00e1s complejo, que ya se ha convertido en un est\u00e1ndar de mercado\u201d. &#8220;][testimonial star_rating=&#8221;none&#8221; title=&#8221;Testimonial&#8221; id=&#8221;1624350763301-1&#8243; tab_id=&#8221;1624350763302-5&#8243; name=&#8221;Jorge Garc\u00eda&#8221; subtitle=&#8221;Chief Sales and Distribution Officer de GENERALI Espa\u00f1a&#8221; quote=&#8221; \u201cActualizar nuestro modelo de Carta de Condiciones con ADECOSE para adaptarnos a la nueva normativa ha sido para nosotros una prioridad dado que ADECOSE y sus miembros representan un claro ejemplo de la apuesta de GENERALI por la mediaci\u00f3n profesional&#8220;.&#8221;][\/testimonial_slider][\/vc_column][\/vc_row]\n","protected":false},"excerpt":{"rendered":"<p>[vc_row type=&#8221;in_container&#8221; full_screen_row_position=&#8221;middle&#8221; column_margin=&#8221;default&#8221; column_direction=&#8221;default&#8221; column_direction_tablet=&#8221;default&#8221; column_direction_phone=&#8221;default&#8221; scene_position=&#8221;center&#8221; text_color=&#8221;dark&#8221; text_align=&#8221;left&#8221; row_border_radius=&#8221;none&#8221; row_border_radius_applies=&#8221;bg&#8221; overlay_strength=&#8221;0.3&#8243; gradient_direction=&#8221;left_to_right&#8221; shape_divider_position=&#8221;bottom&#8221; bg_image_animation=&#8221;none&#8221;][vc_column column_padding=&#8221;no-extra-padding&#8221; column_padding_tablet=&#8221;inherit&#8221; column_padding_phone=&#8221;inherit&#8221; column_padding_position=&#8221;all&#8221; background_color_opacity=&#8221;1&#8243; background_hover_color_opacity=&#8221;1&#8243; column_shadow=&#8221;none&#8221; column_border_radius=&#8221;none&#8221; column_link_target=&#8221;_self&#8221;&#8230;<\/p>\n","protected":false},"author":197,"featured_media":10841,"parent":0,"menu_order":0,"comment_status":"closed","ping_status":"closed","template":"","meta":{"_acf_changed":false,"_price":"","_stock":"","_tribe_ticket_header":"","_tribe_default_ticket_provider":"","_tribe_ticket_capacity":"0","_ticket_start_date":"","_ticket_end_date":"","_tribe_ticket_show_description":"","_tribe_ticket_show_not_going":false,"_tribe_ticket_use_global_stock":"","_tribe_ticket_global_stock_level":"","_global_stock_mode":"","_global_stock_cap":"","_tribe_rsvp_for_event":"","_tribe_ticket_going_count":"","_tribe_ticket_not_going_count":"","_tribe_tickets_list":"[]","_tribe_ticket_has_attendee_info_fields":false,"footnotes":"","_tec_slr_enabled":"","_tec_slr_layout":""},"class_list":["post-10831","page","type-page","status-publish","has-post-thumbnail"],"acf":[],"yoast_head":"<!-- This site is optimized with the Yoast SEO plugin v27.2 - https:\/\/yoast.com\/product\/yoast-seo-wordpress\/ -->\n<title>ADECOSE y GENERALI pactan un nuevo modelo de Carta de Condiciones - ADECOSE<\/title>\n<meta name=\"robots\" content=\"index, follow, max-snippet:-1, max-image-preview:large, max-video-preview:-1\" \/>\n<link rel=\"canonical\" href=\"https:\/\/www.adecose.com\/gl\/adecose-y-generali-pactan-un-nuevo-modelo-de-carta-de-condiciones\/\" \/>\n<meta property=\"og:locale\" content=\"gl_ES\" \/>\n<meta property=\"og:type\" content=\"article\" \/>\n<meta property=\"og:title\" content=\"ADECOSE y GENERALI pactan un nuevo modelo de Carta de Condiciones - ADECOSE\" \/>\n<meta property=\"og:description\" content=\"[vc_row type=&#8221;in_container&#8221; full_screen_row_position=&#8221;middle&#8221; column_margin=&#8221;default&#8221; column_direction=&#8221;default&#8221; column_direction_tablet=&#8221;default&#8221; column_direction_phone=&#8221;default&#8221; scene_position=&#8221;center&#8221; text_color=&#8221;dark&#8221; text_align=&#8221;left&#8221; row_border_radius=&#8221;none&#8221; row_border_radius_applies=&#8221;bg&#8221; overlay_strength=&#8221;0.3&#8243; gradient_direction=&#8221;left_to_right&#8221; shape_divider_position=&#8221;bottom&#8221; bg_image_animation=&#8221;none&#8221;][vc_column column_padding=&#8221;no-extra-padding&#8221; column_padding_tablet=&#8221;inherit&#8221; column_padding_phone=&#8221;inherit&#8221; column_padding_position=&#8221;all&#8221; background_color_opacity=&#8221;1&#8243; background_hover_color_opacity=&#8221;1&#8243; column_shadow=&#8221;none&#8221; column_border_radius=&#8221;none&#8221; column_link_target=&#8221;_self&#8221;...\" \/>\n<meta property=\"og:url\" content=\"https:\/\/www.adecose.com\/gl\/adecose-y-generali-pactan-un-nuevo-modelo-de-carta-de-condiciones\/\" \/>\n<meta property=\"og:site_name\" content=\"ADECOSE\" \/>\n<meta property=\"article:modified_time\" content=\"2021-06-22T08:38:40+00:00\" \/>\n<meta property=\"og:image\" content=\"https:\/\/www.adecose.com\/wp-content\/uploads\/2020\/09\/CARTAS-DE-CONDICIONES.jpg\" \/>\n\t<meta property=\"og:image:width\" content=\"1700\" \/>\n\t<meta property=\"og:image:height\" content=\"1133\" \/>\n\t<meta property=\"og:image:type\" content=\"image\/jpeg\" \/>\n<meta name=\"twitter:card\" content=\"summary_large_image\" \/>\n<meta name=\"twitter:label1\" content=\"Tempo de lectura\" \/>\n\t<meta name=\"twitter:data1\" content=\"4 minutos\" \/>\n<script type=\"application\/ld+json\" class=\"yoast-schema-graph\">{\"@context\":\"https:\/\/schema.org\",\"@graph\":[{\"@type\":\"WebPage\",\"@id\":\"https:\/\/www.adecose.com\/gl\/adecose-y-generali-pactan-un-nuevo-modelo-de-carta-de-condiciones\/\",\"url\":\"https:\/\/www.adecose.com\/gl\/adecose-y-generali-pactan-un-nuevo-modelo-de-carta-de-condiciones\/\",\"name\":\"ADECOSE y GENERALI pactan un nuevo modelo de Carta de Condiciones - ADECOSE\",\"isPartOf\":{\"@id\":\"https:\/\/www.adecose.com\/gl\/#website\"},\"primaryImageOfPage\":{\"@id\":\"https:\/\/www.adecose.com\/gl\/adecose-y-generali-pactan-un-nuevo-modelo-de-carta-de-condiciones\/#primaryimage\"},\"image\":{\"@id\":\"https:\/\/www.adecose.com\/gl\/adecose-y-generali-pactan-un-nuevo-modelo-de-carta-de-condiciones\/#primaryimage\"},\"thumbnailUrl\":\"https:\/\/www.adecose.com\/wp-content\/uploads\/2020\/09\/CARTAS-DE-CONDICIONES.jpg\",\"datePublished\":\"2021-06-22T08:31:20+00:00\",\"dateModified\":\"2021-06-22T08:38:40+00:00\",\"breadcrumb\":{\"@id\":\"https:\/\/www.adecose.com\/gl\/adecose-y-generali-pactan-un-nuevo-modelo-de-carta-de-condiciones\/#breadcrumb\"},\"inLanguage\":\"gl-ES\",\"potentialAction\":[{\"@type\":\"ReadAction\",\"target\":[\"https:\/\/www.adecose.com\/gl\/adecose-y-generali-pactan-un-nuevo-modelo-de-carta-de-condiciones\/\"]}]},{\"@type\":\"ImageObject\",\"inLanguage\":\"gl-ES\",\"@id\":\"https:\/\/www.adecose.com\/gl\/adecose-y-generali-pactan-un-nuevo-modelo-de-carta-de-condiciones\/#primaryimage\",\"url\":\"https:\/\/www.adecose.com\/wp-content\/uploads\/2020\/09\/CARTAS-DE-CONDICIONES.jpg\",\"contentUrl\":\"https:\/\/www.adecose.com\/wp-content\/uploads\/2020\/09\/CARTAS-DE-CONDICIONES.jpg\",\"width\":1700,\"height\":1133},{\"@type\":\"BreadcrumbList\",\"@id\":\"https:\/\/www.adecose.com\/gl\/adecose-y-generali-pactan-un-nuevo-modelo-de-carta-de-condiciones\/#breadcrumb\",\"itemListElement\":[{\"@type\":\"ListItem\",\"position\":1,\"name\":\"Portada\",\"item\":\"https:\/\/www.adecose.com\/gl\/\"},{\"@type\":\"ListItem\",\"position\":2,\"name\":\"ADECOSE y GENERALI pactan un nuevo modelo de Carta de Condiciones\"}]},{\"@type\":\"WebSite\",\"@id\":\"https:\/\/www.adecose.com\/gl\/#website\",\"url\":\"https:\/\/www.adecose.com\/gl\/\",\"name\":\"ADECOSE\",\"description\":\"Asociaci\u00f3n Espa\u00f1ola de Corretor\u00edas de Seguros e Reaseguros\",\"publisher\":{\"@id\":\"https:\/\/www.adecose.com\/gl\/#organization\"},\"potentialAction\":[{\"@type\":\"SearchAction\",\"target\":{\"@type\":\"EntryPoint\",\"urlTemplate\":\"https:\/\/www.adecose.com\/gl\/?s={search_term_string}\"},\"query-input\":{\"@type\":\"PropertyValueSpecification\",\"valueRequired\":true,\"valueName\":\"search_term_string\"}}],\"inLanguage\":\"gl-ES\"},{\"@type\":\"Organization\",\"@id\":\"https:\/\/www.adecose.com\/gl\/#organization\",\"name\":\"ADECOSE\",\"url\":\"https:\/\/www.adecose.com\/gl\/\",\"logo\":{\"@type\":\"ImageObject\",\"inLanguage\":\"gl-ES\",\"@id\":\"https:\/\/www.adecose.com\/gl\/#\/schema\/logo\/image\/\",\"url\":\"https:\/\/www.adecose.com\/wp-content\/uploads\/2020\/07\/favicon.png\",\"contentUrl\":\"https:\/\/www.adecose.com\/wp-content\/uploads\/2020\/07\/favicon.png\",\"width\":512,\"height\":512,\"caption\":\"ADECOSE\"},\"image\":{\"@id\":\"https:\/\/www.adecose.com\/gl\/#\/schema\/logo\/image\/\"}}]}<\/script>\n<!-- \/ Yoast SEO plugin. -->","yoast_head_json":{"title":"ADECOSE y GENERALI pactan un nuevo modelo de Carta de Condiciones - ADECOSE","robots":{"index":"index","follow":"follow","max-snippet":"max-snippet:-1","max-image-preview":"max-image-preview:large","max-video-preview":"max-video-preview:-1"},"canonical":"https:\/\/www.adecose.com\/gl\/adecose-y-generali-pactan-un-nuevo-modelo-de-carta-de-condiciones\/","og_locale":"gl_ES","og_type":"article","og_title":"ADECOSE y GENERALI pactan un nuevo modelo de Carta de Condiciones - ADECOSE","og_description":"[vc_row type=&#8221;in_container&#8221; full_screen_row_position=&#8221;middle&#8221; column_margin=&#8221;default&#8221; column_direction=&#8221;default&#8221; column_direction_tablet=&#8221;default&#8221; column_direction_phone=&#8221;default&#8221; scene_position=&#8221;center&#8221; text_color=&#8221;dark&#8221; text_align=&#8221;left&#8221; row_border_radius=&#8221;none&#8221; row_border_radius_applies=&#8221;bg&#8221; overlay_strength=&#8221;0.3&#8243; gradient_direction=&#8221;left_to_right&#8221; shape_divider_position=&#8221;bottom&#8221; bg_image_animation=&#8221;none&#8221;][vc_column column_padding=&#8221;no-extra-padding&#8221; column_padding_tablet=&#8221;inherit&#8221; column_padding_phone=&#8221;inherit&#8221; column_padding_position=&#8221;all&#8221; background_color_opacity=&#8221;1&#8243; background_hover_color_opacity=&#8221;1&#8243; column_shadow=&#8221;none&#8221; column_border_radius=&#8221;none&#8221; column_link_target=&#8221;_self&#8221;...","og_url":"https:\/\/www.adecose.com\/gl\/adecose-y-generali-pactan-un-nuevo-modelo-de-carta-de-condiciones\/","og_site_name":"ADECOSE","article_modified_time":"2021-06-22T08:38:40+00:00","og_image":[{"width":1700,"height":1133,"url":"https:\/\/www.adecose.com\/wp-content\/uploads\/2020\/09\/CARTAS-DE-CONDICIONES.jpg","type":"image\/jpeg"}],"twitter_card":"summary_large_image","twitter_misc":{"Tempo de lectura":"4 minutos"},"schema":{"@context":"https:\/\/schema.org","@graph":[{"@type":"WebPage","@id":"https:\/\/www.adecose.com\/gl\/adecose-y-generali-pactan-un-nuevo-modelo-de-carta-de-condiciones\/","url":"https:\/\/www.adecose.com\/gl\/adecose-y-generali-pactan-un-nuevo-modelo-de-carta-de-condiciones\/","name":"ADECOSE y GENERALI pactan un nuevo modelo de Carta de Condiciones - ADECOSE","isPartOf":{"@id":"https:\/\/www.adecose.com\/gl\/#website"},"primaryImageOfPage":{"@id":"https:\/\/www.adecose.com\/gl\/adecose-y-generali-pactan-un-nuevo-modelo-de-carta-de-condiciones\/#primaryimage"},"image":{"@id":"https:\/\/www.adecose.com\/gl\/adecose-y-generali-pactan-un-nuevo-modelo-de-carta-de-condiciones\/#primaryimage"},"thumbnailUrl":"https:\/\/www.adecose.com\/wp-content\/uploads\/2020\/09\/CARTAS-DE-CONDICIONES.jpg","datePublished":"2021-06-22T08:31:20+00:00","dateModified":"2021-06-22T08:38:40+00:00","breadcrumb":{"@id":"https:\/\/www.adecose.com\/gl\/adecose-y-generali-pactan-un-nuevo-modelo-de-carta-de-condiciones\/#breadcrumb"},"inLanguage":"gl-ES","potentialAction":[{"@type":"ReadAction","target":["https:\/\/www.adecose.com\/gl\/adecose-y-generali-pactan-un-nuevo-modelo-de-carta-de-condiciones\/"]}]},{"@type":"ImageObject","inLanguage":"gl-ES","@id":"https:\/\/www.adecose.com\/gl\/adecose-y-generali-pactan-un-nuevo-modelo-de-carta-de-condiciones\/#primaryimage","url":"https:\/\/www.adecose.com\/wp-content\/uploads\/2020\/09\/CARTAS-DE-CONDICIONES.jpg","contentUrl":"https:\/\/www.adecose.com\/wp-content\/uploads\/2020\/09\/CARTAS-DE-CONDICIONES.jpg","width":1700,"height":1133},{"@type":"BreadcrumbList","@id":"https:\/\/www.adecose.com\/gl\/adecose-y-generali-pactan-un-nuevo-modelo-de-carta-de-condiciones\/#breadcrumb","itemListElement":[{"@type":"ListItem","position":1,"name":"Portada","item":"https:\/\/www.adecose.com\/gl\/"},{"@type":"ListItem","position":2,"name":"ADECOSE y GENERALI pactan un nuevo modelo de Carta de Condiciones"}]},{"@type":"WebSite","@id":"https:\/\/www.adecose.com\/gl\/#website","url":"https:\/\/www.adecose.com\/gl\/","name":"ADECOSE","description":"Asociaci\u00f3n Espa\u00f1ola de Corretor\u00edas de Seguros e Reaseguros","publisher":{"@id":"https:\/\/www.adecose.com\/gl\/#organization"},"potentialAction":[{"@type":"SearchAction","target":{"@type":"EntryPoint","urlTemplate":"https:\/\/www.adecose.com\/gl\/?s={search_term_string}"},"query-input":{"@type":"PropertyValueSpecification","valueRequired":true,"valueName":"search_term_string"}}],"inLanguage":"gl-ES"},{"@type":"Organization","@id":"https:\/\/www.adecose.com\/gl\/#organization","name":"ADECOSE","url":"https:\/\/www.adecose.com\/gl\/","logo":{"@type":"ImageObject","inLanguage":"gl-ES","@id":"https:\/\/www.adecose.com\/gl\/#\/schema\/logo\/image\/","url":"https:\/\/www.adecose.com\/wp-content\/uploads\/2020\/07\/favicon.png","contentUrl":"https:\/\/www.adecose.com\/wp-content\/uploads\/2020\/07\/favicon.png","width":512,"height":512,"caption":"ADECOSE"},"image":{"@id":"https:\/\/www.adecose.com\/gl\/#\/schema\/logo\/image\/"}}]}},"ticketed":false,"_links":{"self":[{"href":"https:\/\/www.adecose.com\/gl\/wp-json\/wp\/v2\/pages\/10831","targetHints":{"allow":["GET"]}}],"collection":[{"href":"https:\/\/www.adecose.com\/gl\/wp-json\/wp\/v2\/pages"}],"about":[{"href":"https:\/\/www.adecose.com\/gl\/wp-json\/wp\/v2\/types\/page"}],"author":[{"embeddable":true,"href":"https:\/\/www.adecose.com\/gl\/wp-json\/wp\/v2\/users\/197"}],"replies":[{"embeddable":true,"href":"https:\/\/www.adecose.com\/gl\/wp-json\/wp\/v2\/comments?post=10831"}],"version-history":[{"count":0,"href":"https:\/\/www.adecose.com\/gl\/wp-json\/wp\/v2\/pages\/10831\/revisions"}],"wp:featuredmedia":[{"embeddable":true,"href":"https:\/\/www.adecose.com\/gl\/wp-json\/wp\/v2\/media\/10841"}],"wp:attachment":[{"href":"https:\/\/www.adecose.com\/gl\/wp-json\/wp\/v2\/media?parent=10831"}],"curies":[{"name":"wp","href":"https:\/\/api.w.org\/{rel}","templated":true}]}}